{"id":206101,"date":"2023-10-31T16:28:48","date_gmt":"2023-10-31T16:28:48","guid":{"rendered":"https:\/\/www.boiron.ca\/?post_type=product&#038;p=206101"},"modified":"2026-03-24T15:49:14","modified_gmt":"2026-03-24T15:49:14","slug":"pharmacologie-matiere-medicale-homeopathique","status":"publish","type":"product","link":"https:\/\/www.boiron.ca\/en\/produit\/pharmacologie-matiere-medicale-homeopathique\/","title":{"rendered":"Pharmacologie &amp; Mati\u00e8re M\u00e9dicale Hom\u00e9opathique"},"content":{"rendered":"<p><em>CEDH; Demarque Dennis, M.D.; Jouanny Jacques, M.D.; Poitevin Bernard, M.D.; Saint-Jean Yves, M.D.<br \/>\n2009, 976 pages<\/em><\/p>\n<p>Indispensable \u00e0 la connaissance approfondie des m\u00e9dicaments \u00e0 usage hom\u00e9opathique, cet ouvrage actualise les indications cliniques ainsi que les donn\u00e9es toxicologiques et pharmacologiques. Il apporte aussi de nouveaux \u00e9clairages sur l&#8217;origine pr\u00e9cise de chaque m\u00e9dicament.Une mati\u00e8re m\u00e9dicale de r\u00e9f\u00e9rence utilisable pour le travail personnel comme pour la consultation.<\/p>\n","protected":false},"excerpt":{"rendered":"<p><em>CEDH; Demarque Dennis, M.D.; Jouanny Jacques, M.D.; Poitevin Bernard, M.D.; Saint-Jean Yves, M.D.<br \/>\n2009, 976 pages<\/em><\/p>\n<p>Indispensable \u00e0 la connaissance approfondie des m\u00e9dicaments \u00e0 usage hom\u00e9opathique, cet ouvrage actualise les indications cliniques ainsi que les donn\u00e9es toxicologiques et pharmacologiques. Il apporte aussi de nouveaux \u00e9clairages sur l&#8217;origine pr\u00e9cise de chaque m\u00e9dicament.Une mati\u00e8re m\u00e9dicale de r\u00e9f\u00e9rence utilisable pour le travail personnel comme pour la consultation.<\/p>\n","protected":false},"featured_media":206148,"comment_status":"open","ping_status":"closed","template":"","meta":{"site-sidebar-layout":"default","site-content-layout":"default","ast-site-content-layout":"default","site-content-style":"default","site-sidebar-style":"default","ast-global-header-display":"","ast-banner-title-visibility":"","ast-main-header-display":"","ast-hfb-above-header-display":"","ast-hfb-below-header-display":"","ast-hfb-mobile-header-display":"","site-post-title":"","ast-breadcrumbs-content":"","ast-featured-img":"","footer-sml-layout":"","ast-disable-related-posts":"","theme-transparent-header-meta":"default","adv-header-id-meta":"","stick-header-meta":"default","header-above-stick-meta":"","header-main-stick-meta":"","header-below-stick-meta":"","astra-migrate-meta-layouts":"default","ast-page-background-enabled":"default","ast-page-background-meta":{"desktop":{"background-color":"var(--ast-global-color-4)","background-image":"","background-repeat":"repeat","background-position":"center center","background-size":"auto","background-attachment":"scroll","background-type":"","background-media":"","overlay-type":"","overlay-color":"","overlay-opacity":"","overlay-gradient":""},"tablet":{"background-color":"","background-image":"","background-repeat":"repeat","background-position":"center center","background-size":"auto","background-attachment":"scroll","background-type":"","background-media":"","overlay-type":"","overlay-color":"","overlay-opacity":"","overlay-gradient":""},"mobile":{"background-color":"","background-image":"","background-repeat":"repeat","background-position":"center center","background-size":"auto","background-attachment":"scroll","background-type":"","background-media":"","overlay-type":"","overlay-color":"","overlay-opacity":"","overlay-gradient":""}},"ast-content-background-meta":{"desktop":{"background-color":"var(--ast-global-color-5)","background-image":"","background-repeat":"repeat","background-position":"center center","background-size":"auto","background-attachment":"scroll","background-type":"","background-media":"","overlay-type":"","overlay-color":"","overlay-opacity":"","overlay-gradient":""},"tablet":{"background-color":"var(--ast-global-color-5)","background-image":"","background-repeat":"repeat","background-position":"center center","background-size":"auto","background-attachment":"scroll","background-type":"","background-media":"","overlay-type":"","overlay-color":"","overlay-opacity":"","overlay-gradient":""},"mobile":{"background-color":"var(--ast-global-color-5)","background-image":"","background-repeat":"repeat","background-position":"center center","background-size":"auto","background-attachment":"scroll","background-type":"","background-media":"","overlay-type":"","overlay-color":"","overlay-opacity":"","overlay-gradient":""}}},"product_brand":[],"product_cat":[62],"product_tag":[],"class_list":{"0":"post-206101","1":"product","2":"type-product","3":"status-publish","4":"has-post-thumbnail","6":"product_cat-books","7":"desktop-align-left","8":"tablet-align-left","9":"mobile-align-left","11":"first","12":"instock","13":"taxable","14":"shipping-taxable","15":"purchasable","16":"product-type-simple"},"bundled_by":[],"bundle_stock_status":"instock","bundle_stock_quantity":null,"bundle_virtual":false,"bundle_layout":"","bundle_add_to_cart_form_location":"","bundle_editable_in_cart":false,"bundle_sold_individually_context":"","bundle_item_grouping":"","bundle_min_size":"","bundle_max_size":"","bundle_price":[],"bundled_items":[],"bundle_sell_ids":[],"aioseo_notices":[],"_links":{"self":[{"href":"https:\/\/www.boiron.ca\/en\/wp-json\/wp\/v2\/product\/206101","targetHints":{"allow":["GET"]}}],"collection":[{"href":"https:\/\/www.boiron.ca\/en\/wp-json\/wp\/v2\/product"}],"about":[{"href":"https:\/\/www.boiron.ca\/en\/wp-json\/wp\/v2\/types\/product"}],"replies":[{"embeddable":true,"href":"https:\/\/www.boiron.ca\/en\/wp-json\/wp\/v2\/comments?post=206101"}],"version-history":[{"count":1,"href":"https:\/\/www.boiron.ca\/en\/wp-json\/wp\/v2\/product\/206101\/revisions"}],"predecessor-version":[{"id":266225,"href":"https:\/\/www.boiron.ca\/en\/wp-json\/wp\/v2\/product\/206101\/revisions\/266225"}],"wp:featuredmedia":[{"embeddable":true,"href":"https:\/\/www.boiron.ca\/en\/wp-json\/wp\/v2\/media\/206148"}],"wp:attachment":[{"href":"https:\/\/www.boiron.ca\/en\/wp-json\/wp\/v2\/media?parent=206101"}],"wp:term":[{"taxonomy":"product_brand","embeddable":true,"href":"https:\/\/www.boiron.ca\/en\/wp-json\/wp\/v2\/product_brand?post=206101"},{"taxonomy":"product_cat","embeddable":true,"href":"https:\/\/www.boiron.ca\/en\/wp-json\/wp\/v2\/product_cat?post=206101"},{"taxonomy":"product_tag","embeddable":true,"href":"https:\/\/www.boiron.ca\/en\/wp-json\/wp\/v2\/product_tag?post=206101"}],"curies":[{"name":"wp","href":"https:\/\/api.w.org\/{rel}","templated":true}]}}